{"id":306,"date":"2020-05-23T19:19:19","date_gmt":"2020-05-23T19:19:19","guid":{"rendered":"http:\/\/devnorthwales.wpengine.com\/?page_id=306"},"modified":"2021-04-08T14:12:17","modified_gmt":"2021-04-08T13:12:17","slug":"datganiad-hygyrchedd","status":"publish","type":"page","link":"https:\/\/online.wrexham.ac.uk\/cy\/datganiad-hygyrchedd\/","title":{"rendered":"Datganiad hygyrchedd"},"content":{"rendered":"<h2 id=\"accessibility-statement-for-website-name\">Datganiad hygyrchedd ar gyfer Ysgol Reoli Gogledd Cymru &#8211; Astudio Ar-lein<\/h2>\n<h2>Trosolwg<\/h2>\n<p>Mae&#8217;r wefan hon yn cael ei rhedeg gan Higher Ed Partners UK Ltd. ar ran Ysgol Reoli Gogledd Cymru. Rydym am i gynifer o bobl \u00e2 phosibl allu defnyddio&#8217;r wefan hon. Er enghraifft, mae hynny&#8217;n golygu y dylech chi allu:<\/p>\n<ul>\n<li>Newid lliwiau, lefelau cyferbyniad a ffontiau<\/li>\n<li>Chwyddo hyd at 300% heb i&#8217;r testun ollwng oddi ar y sgrin<\/li>\n<li>Llywiwch y rhan fwyaf o&#8217;r wefan gan ddefnyddio bysellfwrdd yn unig<\/li>\n<li>Llywiwch y rhan fwyaf o&#8217;r wefan gan ddefnyddio meddalwedd adnabod lleferydd<\/li>\n<li>Gwrandewch ar y rhan fwyaf o&#8217;r wefan gan ddefnyddio darllenydd sgrin (gan gynnwys y fersiynau diweddaraf o JAWS, NVDA a VoiceOver)<\/li>\n<\/ul>\n<p>Rydym hefyd wedi gwneud testun y wefan mor syml \u00e2 phosibl i&#8217;w ddeall.<\/p>\n<p>Mae gan <a href=\"https:\/\/mcmw.abilitynet.org.uk\/\" rel=\"external\">AbilityNet<\/a> gyngor ar wneud eich dyfais yn haws i&#8217;w defnyddio os oes gennych anabledd.<\/p>\n<h3 id=\"how-accessible-this-website-is\">Pa mor hygyrch yw&#8217;r wefan hon<\/h3>\n<p>Rydym yn gwybod nad yw rhai rhannau o&#8217;r wefan hon yn gwbl hygyrch:<\/p>\n<ul>\n<li>Ni fydd rhai o&#8217;r elfennau&#8217;n ail-lenwi mewn un golofn pan fyddwch chi&#8217;n newid maint ffenestr y porwr<\/li>\n<li>Ni allwch addasu uchder llinell na bylchau testun<\/li>\n<li>Ni ellir llywio rhai o&#8217;n ffurflenni ar-lein yn llawn eto gan ddefnyddio bysellfwrdd yn unig<\/li>\n<li>Ni allwch hepgor y prif gynnwys wrth ddefnyddio darllenydd sgrin<\/li>\n<\/ul>\n<p>&nbsp;<\/p>\n<h3 id=\"what-to-do-if-you-cannot-access-parts-of-this-website\">Beth i&#8217;w wneud os na allwch gyrchu rhannau o&#8217;r wefan hon<\/h3>\n<p>Os oes angen gwybodaeth arnoch chi ar y wefan hon mewn fformat gwahanol fel PDF hygyrch, print bras, hawdd ei ddarllen, recordio sain neu braille:<\/p>\n<ul>\n<li>E-bost: <a href=\"mailto:enrolments@online.wrexham.ac.uk\">enrolments@online.wrexham.ac.uk<\/a><\/li>\n<li>Ff\u00f4n: <a href=\"tel:[env key=phone_welsh param=value]\">[env key=phone_welsh param=text]<\/a><\/li>\n<li>Ff\u00f4n rhydd: <a href=\"tel:[env key=freephone_welsh param=value]\">[env key=freephone_welsh param=text]<\/a><\/li>\n<\/ul>\n<p>Byddwn yn ystyried eich cais ac yn cysylltu \u00e2 chi mewn 2 ddiwrnod gwaith.<\/p>\n<h3 id=\"reporting-accessibility-problems-with-this-website\">Rhoi gwybod am broblemau hygyrchedd gyda&#8217;r wefan hon<\/h3>\n<p>Rydym bob amser yn ceisio gwella hygyrchedd y wefan hon. Os byddwch chi&#8217;n dod o hyd i unrhyw broblemau nad ydyn nhw wedi&#8217;u rhestru ar y dudalen hon neu&#8217;n credu nad ydyn ni&#8217;n cwrdd \u00e2 gofynion hygyrchedd, cysylltwch \u00e2: Ed Harland-Lang (Cyfarwyddwr Marchnata) yn Higher Ed. Partners UK Ltd. trwy e-bostio <a href=\"mailto:ed.harland-lang@higheredpartners.co.uk\">ed.harland-lang@higheredpartners.co.uk<\/a><\/p>\n<h3 id=\"enforcement-procedure\">Gweithdrefn orfodi<\/h3>\n<p>Mae\u2019r Comisiwn Cydraddoldeb a Hawliau Dynol (EHRC) yn gyfrifol am orfodi Rheoliadau Hygyrchedd Cyrff Sector Cyhoeddus (Gwefannau a Cheisiadau Symudol) (Rhif 2) 2018 (y \u2018rheoliadau hygyrchedd\u2019). Os nad ydych yn hapus \u00e2 sut rydym yn ymateb i&#8217;ch cwyn, <a href=\"https:\/\/www.equalityadvisoryservice.com\/\" rel=\"external\"> cysylltwch \u00e2&#8217;r Gwasanaeth Cynghori a Chefnogaeth Cydraddoldeb (EASS)<\/a>.<\/p>\n<h2 id=\"contacting-us-by-phone-or-visiting-us-in-person\">Cysylltu \u00e2 ni dros y ff\u00f4n neu ymweld \u00e2 ni&#8217;n bersonol<\/h2>\n<p>Rydym yn darparu gwasanaeth cyfnewid testun i bobl sy&#8217;n D \/ byddar, \u00e2 nam ar eu clyw neu sydd \u00e2 nam ar eu lleferydd.<\/p>\n<p>Mae gan ein swyddfeydd ddolenni sefydlu sain, neu os byddwch chi&#8217;n cysylltu \u00e2 ni cyn eich ymweliad gallwn drefnu dehonglydd Iaith Arwyddion Prydain (BSL).<\/p>\n<p>Darganfyddwch sut i <a href=\"#footer\"> cysylltu \u00e2 ni <\/a> ar waelod y dudalen hon.<\/p>\n<h2 id=\"technical-information-about-this-websites-accessibility\">Gwybodaeth dechnegol am hygyrchedd y wefan hon<\/h2>\n<p>Mae Higher Ed Partners UK Ltd. ar ran Prifysgol Wrecsam Wrexham wedi ymrwymo i wneud ei gwefan yn hygyrch, yn unol \u00e2 Rheoliadau Hygyrchedd Cyrff Sector Cyhoeddus (Gwefannau a Chymwysiadau Symudol) (Rhif 2) 2018.<\/p>\n<p>Mae&#8217;r wefan hon yn cydymffurfio&#8217;n rhannol \u00e2&#8217;r <a href=\"https:\/\/www.w3.org\/TR\/WCAG21\/\" rel=\"external\"> Canllawiau Hygyrchedd Cynnwys Gwe fersiwn 2.1 <\/a> safon AA, oherwydd y safon nad yw&#8217;n -gysylltiadau a restrir isod.<\/p>\n<h2 id=\"non-accessible-content\">Cynnwys nad yw&#8217;n hygyrch<\/h2>\n<p>Nid yw&#8217;r cynnwys a restrir isod yn hygyrch am y rhesymau canlynol.<\/p>\n<h3 id=\"non-compliance-with-the-accessibility-regulations\">Diffyg cydymffurfio \u00e2&#8217;r rheoliadau hygyrchedd<\/h3>\n<ul>\n<li>Nid oes dewis testun arall gan rai delweddau, felly ni all pobl sy&#8217;n defnyddio darllenydd sgrin gael mynediad i&#8217;r wybodaeth. Mae hyn yn methu maen prawf llwyddiant WCAG 2.1 1.1.1 (cynnwys heblaw testun).<br \/>\nPan fyddwn yn cyhoeddi cynnwys newydd, byddwn yn sicrhau bod ein defnydd o ddelweddau yn cwrdd \u00e2 safonau hygyrchedd<\/li>\n<li>Nid yw&#8217;r ffurflen yn gwbl hygyrch o ran amlinelliad ffocws, labeli, trefn tab a rhyngweithio botwm. Mae hyn yn methu maen prawf llwyddiant WCAG 2.1 1.3.1, 2.4.6, 2.4.7, 3.2.2, 3.3.2 a 4.1.2<br \/>\nRydym yn bwriadu gwneud y ffurflen yn hygyrch er mwyn gallu gwneud y cymhwysiad yn gyfan gwbl gyda bysellfwrdd a meddalwedd gynorthwyol<\/li>\n<li>Nid yw cyferbyniad lliw yn cyrraedd y safonau gofynnol yn llawn. Mae hyn yn methu maen prawf llwyddiant WCAG 2.1 1.4.1 (Defnyddio Lliw) ac 1.4.3 (Isafswm Cyferbyniad)<br \/>\nRydym yn bwriadu mynd i&#8217;r afael \u00e2&#8217;r cynllun lliw i wella darllenadwyedd<\/li>\n<li>Ni ellir chwyddo cynnwys ar ddyfeisiau symudol. Mae hyn yn methu maen prawf llwyddiant WCAG 2.1 1.4.4 (Newid Maint Testun)<br \/>\nByddwn yn dileu&#8217;r cyfyngiad gwylio er mwyn caniat\u00e1u chwyddo.<\/li>\n<li>Nid oes unrhyw ffordd i hepgor y cynnwys a ailadroddir ym mhennyn y dudalen (er enghraifft, opsiwn \u2018skip to main content\u2019). Mae hyn yn methu maen prawf llwyddiant WCAG 2.1 2.4.1 (blociau ffordd osgoi)<\/li>\n<li>Gall testun cyswllt fod yn amwys i ddarllenwyr sgrin. Mae hyn yn methu maen prawf llwyddiant WCAG 2.1 2.4.4 (Pwrpas Cyswllt)<br \/>\nYchwanegir mesurau hygyrchedd er mwyn gwneud y cynnwys yn fwy darllenadwy.<\/li>\n<\/ul>\n<h3 id=\"disproportionate-burden\">Baich anghymesur<\/h3>\n<p>&nbsp;<\/p>\n<h4 id=\"navigation-and-accessing-information\">Llywio a chyrchu gwybodaeth<\/h4>\n<p>Nid yw bob amser yn bosibl newid cyfeiriadedd y ddyfais o lorweddol i fertigol heb ei gwneud hi&#8217;n anoddach gweld y cynnwys. Mae hyn yn methu maen prawf llwyddiant WCAG 2.1 1.3.4 (cyfeiriadedd).<\/p>\n<p>Nid yw&#8217;n bosibl i ddefnyddwyr newid maint testun heb i rywfaint o&#8217;r cynnwys orgyffwrdd. Mae hyn yn methu maen prawf llwyddiant WCAG 2.1 1.4.4 (newid maint y testun).<\/p>\n<h4 id=\"interactive-tools-and-transactions\">Offer a thrafodion rhyngweithiol<\/h4>\n<p>Mae&#8217;n anodd llywio rhai o&#8217;n ffurflenni rhyngweithiol gan ddefnyddio bysellfwrdd. Er enghraifft, oherwydd bod rhai rheolyddion ffurf ar goll tag \u2018label\u2019.<\/p>\n<p>Mae ein ffurflenni yn cael eu hadeiladu a\u2019u cynnal trwy feddalwedd trydydd parti a\u2019u \u2018croenio\u2019 i edrych fel ein gwefan. Mae hyn yn methu maen prawf llwyddiant WCAG 2.1 1.3.1 (gwybodaeth a pherthnasoedd).<\/p>\n<p>Rydym wedi asesu cost trwsio&#8217;r problemau gyda llywio a chyrchu gwybodaeth, a chydag offer a thrafodion rhyngweithiol. Credwn y byddai gwneud hynny nawr yn faich <a href=\"http:\/\/www.legislation.gov.uk\/uksi\/2018\/952\/regulation\/7\/made\" rel=\"external\"> baich anghymesur <\/a> o fewn ystyr y rheoliadau hygyrchedd. Byddwn yn gwneud asesiad arall yn ystod y cam datblygu nesaf.<\/p>\n<h2 id=\"how-we-tested-this-website\">Sut wnaethon ni brofi&#8217;r wefan hon<\/h2>\n<p>Profwyd y wefan hon ddiwethaf ar 23\/10\/2019. Cynhaliwyd y prawf gan Higher Ed Partners UK Ltd.<\/p>\n<p>Gwnaethom ddefnyddio meddalwedd gwiriwr hygyrchedd i wirio a oedd WCAG 2.0 yn cydymffurfio (SiteImprove Accessibility Checker, Microsoft Accessibility Insights).<br \/>\nGwnaethom hefyd ddilysu&#8217;r marcio tudalen HTML yn erbyn Safonau W3C.<\/p>\n<p>Fe wnaethon ni brofi:<\/p>\n<ul>\n<li>Ein prif blatfform gwefan, ar gael yn https:\/\/online.wrexham.ac.uk<\/li>\n<li>Ein microwefan cais, ar gael yn https:\/\/apply.online.wrexham.ac.uk<\/li>\n<li>Ninja Forms &#8211; gwasanaethau yn seiliedig ar blatfform technegol gwahanol ond \u2018croen\u2019 i edrych fel ein gwefan<\/li>\n<\/ul>\n<p>&nbsp;<\/p>\n<h2 id=\"what-were-doing-to-improve-accessibility\">Beth rydyn ni&#8217;n ei wneud i wella hygyrchedd<\/h2>\n<p>Rydym yn bwriadu mynd i&#8217;r afael \u00e2&#8217;r prif faterion hygyrchedd diffyg cydymffurfio a restrir uchod cyn gynted \u00e2 phosibl.<\/p>\n<p>&nbsp;<\/p>\n<p>Paratowyd y datganiad hwn ar 23\/09\/2019. Fe&#8217;i diweddarwyd ddiwethaf ar 24\/09\/2019.<\/p>\n","protected":false},"excerpt":{"rendered":"<p>Datganiad hygyrchedd ar gyfer Ysgol Reoli Gogledd Cymru &#8211; Astudio Ar-lein Trosolwg Mae&#8217;r wefan hon yn cael ei rhedeg gan Higher Ed Partners UK Ltd. ar ran Ysgol Reoli Gogledd Cymru. Rydym am i gynifer o bobl \u00e2 phosibl allu defnyddio&#8217;r wefan hon. Er enghraifft, mae hynny&#8217;n golygu y dylech chi allu: Newid lliwiau, lefelau &hellip; <a href=\"https:\/\/online.wrexham.ac.uk\/cy\/datganiad-hygyrchedd\/\">Continued<\/a><\/p>\n","protected":false},"author":10,"featured_media":462,"parent":0,"menu_order":9,"comment_status":"closed","ping_status":"closed","template":"","meta":{"_acf_changed":false,"_daim_seo_power":"","_daim_enable_ail":"","footnotes":""},"class_list":["post-306","page","type-page","status-publish","has-post-thumbnail","hentry"],"acf":[],"yoast_head":"<!-- This site is optimized with the Yoast SEO plugin v27.3 - https:\/\/yoast.com\/product\/yoast-seo-wordpress\/ -->\n<title>Datganiad hygyrchedd - Ysgol Reolaeth Gogledd Cymru<\/title>\n<meta name=\"robots\" content=\"index, follow, max-snippet:-1, max-image-preview:large, max-video-preview:-1\" \/>\n<link rel=\"canonical\" href=\"https:\/\/online.wrexham.ac.uk\/cy\/datganiad-hygyrchedd\/\" \/>\n<meta property=\"og:locale\" content=\"cy_GB\" \/>\n<meta property=\"og:type\" content=\"article\" \/>\n<meta property=\"og:title\" content=\"Datganiad hygyrchedd - Ysgol Reolaeth Gogledd Cymru\" \/>\n<meta property=\"og:description\" content=\"Datganiad hygyrchedd ar gyfer Ysgol Reoli Gogledd Cymru &#8211; Astudio Ar-lein Trosolwg Mae&#8217;r wefan hon yn cael ei rhedeg gan Higher Ed Partners UK Ltd. ar ran Ysgol Reoli Gogledd Cymru. Rydym am i gynifer o bobl \u00e2 phosibl allu defnyddio&#8217;r wefan hon. Er enghraifft, mae hynny&#8217;n golygu y dylech chi allu: Newid lliwiau, lefelau &hellip; Continued\" \/>\n<meta property=\"og:url\" content=\"https:\/\/online.wrexham.ac.uk\/cy\/datganiad-hygyrchedd\/\" \/>\n<meta property=\"og:site_name\" content=\"Ysgol Reolaeth Gogledd Cymru\" \/>\n<meta property=\"article:modified_time\" content=\"2021-04-08T13:12:17+00:00\" \/>\n<meta property=\"og:image\" content=\"https:\/\/online.wrexham.ac.uk\/wp-content\/uploads\/2020\/05\/hero-default.jpg\" \/>\n\t<meta property=\"og:image:width\" content=\"1440\" \/>\n\t<meta property=\"og:image:height\" content=\"500\" \/>\n\t<meta property=\"og:image:type\" content=\"image\/jpeg\" \/>\n<meta name=\"twitter:card\" content=\"summary_large_image\" \/>\n<meta name=\"twitter:label1\" content=\"Est. reading time\" \/>\n\t<meta name=\"twitter:data1\" content=\"5 munud\" \/>\n<script type=\"application\/ld+json\" class=\"yoast-schema-graph\">{\"@context\":\"https:\\\/\\\/schema.org\",\"@graph\":[{\"@type\":\"WebPage\",\"@id\":\"https:\\\/\\\/online.wrexham.ac.uk\\\/cy\\\/datganiad-hygyrchedd\\\/\",\"url\":\"https:\\\/\\\/online.wrexham.ac.uk\\\/cy\\\/datganiad-hygyrchedd\\\/\",\"name\":\"Datganiad hygyrchedd - Ysgol Reolaeth Gogledd Cymru\",\"isPartOf\":{\"@id\":\"https:\\\/\\\/online.wrexham.ac.uk\\\/cy\\\/#website\"},\"primaryImageOfPage\":{\"@id\":\"https:\\\/\\\/online.wrexham.ac.uk\\\/cy\\\/datganiad-hygyrchedd\\\/#primaryimage\"},\"image\":{\"@id\":\"https:\\\/\\\/online.wrexham.ac.uk\\\/cy\\\/datganiad-hygyrchedd\\\/#primaryimage\"},\"thumbnailUrl\":\"https:\\\/\\\/online.wrexham.ac.uk\\\/wp-content\\\/uploads\\\/2020\\\/05\\\/hero-default.jpg\",\"datePublished\":\"2020-05-23T19:19:19+00:00\",\"dateModified\":\"2021-04-08T13:12:17+00:00\",\"breadcrumb\":{\"@id\":\"https:\\\/\\\/online.wrexham.ac.uk\\\/cy\\\/datganiad-hygyrchedd\\\/#breadcrumb\"},\"inLanguage\":\"cy\",\"potentialAction\":[{\"@type\":\"ReadAction\",\"target\":[\"https:\\\/\\\/online.wrexham.ac.uk\\\/cy\\\/datganiad-hygyrchedd\\\/\"]}]},{\"@type\":\"ImageObject\",\"inLanguage\":\"cy\",\"@id\":\"https:\\\/\\\/online.wrexham.ac.uk\\\/cy\\\/datganiad-hygyrchedd\\\/#primaryimage\",\"url\":\"https:\\\/\\\/online.wrexham.ac.uk\\\/wp-content\\\/uploads\\\/2020\\\/05\\\/hero-default.jpg\",\"contentUrl\":\"https:\\\/\\\/online.wrexham.ac.uk\\\/wp-content\\\/uploads\\\/2020\\\/05\\\/hero-default.jpg\",\"width\":1440,\"height\":500,\"caption\":\"Group of people happy\"},{\"@type\":\"BreadcrumbList\",\"@id\":\"https:\\\/\\\/online.wrexham.ac.uk\\\/cy\\\/datganiad-hygyrchedd\\\/#breadcrumb\",\"itemListElement\":[{\"@type\":\"ListItem\",\"position\":1,\"name\":\"Cartref\",\"item\":\"https:\\\/\\\/online.wrexham.ac.uk\\\/cy\\\/\"},{\"@type\":\"ListItem\",\"position\":2,\"name\":\"Datganiad hygyrchedd\"}]},{\"@type\":\"WebSite\",\"@id\":\"https:\\\/\\\/online.wrexham.ac.uk\\\/cy\\\/#website\",\"url\":\"https:\\\/\\\/online.wrexham.ac.uk\\\/cy\\\/\",\"name\":\"North Wales Management School - Wrexham University\",\"description\":\"Rhaglenni gradd 100% ar-lein\",\"potentialAction\":[{\"@type\":\"SearchAction\",\"target\":{\"@type\":\"EntryPoint\",\"urlTemplate\":\"https:\\\/\\\/online.wrexham.ac.uk\\\/cy\\\/?s={search_term_string}\"},\"query-input\":{\"@type\":\"PropertyValueSpecification\",\"valueRequired\":true,\"valueName\":\"search_term_string\"}}],\"inLanguage\":\"cy\"}]}<\/script>\n<!-- \/ Yoast SEO plugin. -->","yoast_head_json":{"title":"Datganiad hygyrchedd - Ysgol Reolaeth Gogledd Cymru","robots":{"index":"index","follow":"follow","max-snippet":"max-snippet:-1","max-image-preview":"max-image-preview:large","max-video-preview":"max-video-preview:-1"},"canonical":"https:\/\/online.wrexham.ac.uk\/cy\/datganiad-hygyrchedd\/","og_locale":"cy_GB","og_type":"article","og_title":"Datganiad hygyrchedd - Ysgol Reolaeth Gogledd Cymru","og_description":"Datganiad hygyrchedd ar gyfer Ysgol Reoli Gogledd Cymru &#8211; Astudio Ar-lein Trosolwg Mae&#8217;r wefan hon yn cael ei rhedeg gan Higher Ed Partners UK Ltd. ar ran Ysgol Reoli Gogledd Cymru. Rydym am i gynifer o bobl \u00e2 phosibl allu defnyddio&#8217;r wefan hon. Er enghraifft, mae hynny&#8217;n golygu y dylech chi allu: Newid lliwiau, lefelau &hellip; Continued","og_url":"https:\/\/online.wrexham.ac.uk\/cy\/datganiad-hygyrchedd\/","og_site_name":"Ysgol Reolaeth Gogledd Cymru","article_modified_time":"2021-04-08T13:12:17+00:00","og_image":[{"width":1440,"height":500,"url":"https:\/\/online.wrexham.ac.uk\/wp-content\/uploads\/2020\/05\/hero-default.jpg","type":"image\/jpeg"}],"twitter_card":"summary_large_image","twitter_misc":{"Est. reading time":"5 munud"},"schema":{"@context":"https:\/\/schema.org","@graph":[{"@type":"WebPage","@id":"https:\/\/online.wrexham.ac.uk\/cy\/datganiad-hygyrchedd\/","url":"https:\/\/online.wrexham.ac.uk\/cy\/datganiad-hygyrchedd\/","name":"Datganiad hygyrchedd - Ysgol Reolaeth Gogledd Cymru","isPartOf":{"@id":"https:\/\/online.wrexham.ac.uk\/cy\/#website"},"primaryImageOfPage":{"@id":"https:\/\/online.wrexham.ac.uk\/cy\/datganiad-hygyrchedd\/#primaryimage"},"image":{"@id":"https:\/\/online.wrexham.ac.uk\/cy\/datganiad-hygyrchedd\/#primaryimage"},"thumbnailUrl":"https:\/\/online.wrexham.ac.uk\/wp-content\/uploads\/2020\/05\/hero-default.jpg","datePublished":"2020-05-23T19:19:19+00:00","dateModified":"2021-04-08T13:12:17+00:00","breadcrumb":{"@id":"https:\/\/online.wrexham.ac.uk\/cy\/datganiad-hygyrchedd\/#breadcrumb"},"inLanguage":"cy","potentialAction":[{"@type":"ReadAction","target":["https:\/\/online.wrexham.ac.uk\/cy\/datganiad-hygyrchedd\/"]}]},{"@type":"ImageObject","inLanguage":"cy","@id":"https:\/\/online.wrexham.ac.uk\/cy\/datganiad-hygyrchedd\/#primaryimage","url":"https:\/\/online.wrexham.ac.uk\/wp-content\/uploads\/2020\/05\/hero-default.jpg","contentUrl":"https:\/\/online.wrexham.ac.uk\/wp-content\/uploads\/2020\/05\/hero-default.jpg","width":1440,"height":500,"caption":"Group of people happy"},{"@type":"BreadcrumbList","@id":"https:\/\/online.wrexham.ac.uk\/cy\/datganiad-hygyrchedd\/#breadcrumb","itemListElement":[{"@type":"ListItem","position":1,"name":"Cartref","item":"https:\/\/online.wrexham.ac.uk\/cy\/"},{"@type":"ListItem","position":2,"name":"Datganiad hygyrchedd"}]},{"@type":"WebSite","@id":"https:\/\/online.wrexham.ac.uk\/cy\/#website","url":"https:\/\/online.wrexham.ac.uk\/cy\/","name":"North Wales Management School - Wrexham University","description":"Rhaglenni gradd 100% ar-lein","potentialAction":[{"@type":"SearchAction","target":{"@type":"EntryPoint","urlTemplate":"https:\/\/online.wrexham.ac.uk\/cy\/?s={search_term_string}"},"query-input":{"@type":"PropertyValueSpecification","valueRequired":true,"valueName":"search_term_string"}}],"inLanguage":"cy"}]}},"_links":{"self":[{"href":"https:\/\/online.wrexham.ac.uk\/cy\/wp-json\/wp\/v2\/pages\/306","targetHints":{"allow":["GET"]}}],"collection":[{"href":"https:\/\/online.wrexham.ac.uk\/cy\/wp-json\/wp\/v2\/pages"}],"about":[{"href":"https:\/\/online.wrexham.ac.uk\/cy\/wp-json\/wp\/v2\/types\/page"}],"author":[{"embeddable":true,"href":"https:\/\/online.wrexham.ac.uk\/cy\/wp-json\/wp\/v2\/users\/10"}],"replies":[{"embeddable":true,"href":"https:\/\/online.wrexham.ac.uk\/cy\/wp-json\/wp\/v2\/comments?post=306"}],"version-history":[{"count":0,"href":"https:\/\/online.wrexham.ac.uk\/cy\/wp-json\/wp\/v2\/pages\/306\/revisions"}],"wp:featuredmedia":[{"embeddable":true,"href":"https:\/\/online.wrexham.ac.uk\/cy\/wp-json\/wp\/v2\/media\/462"}],"wp:attachment":[{"href":"https:\/\/online.wrexham.ac.uk\/cy\/wp-json\/wp\/v2\/media?parent=306"}],"curies":[{"name":"wp","href":"https:\/\/api.w.org\/{rel}","templated":true}]}}